{"id":7,"date":"2020-10-08T01:36:33","date_gmt":"2020-10-08T01:36:33","guid":{"rendered":"http:\/\/localhost:8888\/?page_id=7"},"modified":"2020-10-08T01:36:33","modified_gmt":"2020-10-08T01:36:33","slug":"lien-he","status":"publish","type":"page","link":"https:\/\/wabipremium.vn\/en\/lien-he\/","title":{"rendered":"Li\u00ean h\u1ec7"},"content":{"rendered":"\n<p>Trang n\u00e0y c\u00f3 c\u00e1c th\u00f4ng tin li\u00ean l\u1ea1c, v\u00ed d\u1ee5 nh\u01b0 \u0111\u1ecba ch\u1ec9 v\u00e0 \u0111i\u1ec7n tho\u1ea1i. B\u1ea1n c\u00f3 th\u1ec3 th\u1eed c\u00e0i \u1ee9ng d\u1ee5ng \u0111\u1ec3 th\u00eam ph\u1ea7n li\u00ean l\u1ea1c<\/p>\n","protected":false},"excerpt":{"rendered":"<p>Trang n\u00e0y c\u00f3 c\u00e1c th\u00f4ng tin li\u00ean l\u1ea1c, v\u00ed d\u1ee5 nh\u01b0 \u0111\u1ecba ch\u1ec9 v\u00e0 \u0111i\u1ec7n tho\u1ea1i. B\u1ea1n c\u00f3 th\u1ec3 th\u1eed c\u00e0i \u1ee9ng d\u1ee5ng \u0111\u1ec3 th\u00eam ph\u1ea7n li\u00ean l\u1ea1c<\/p>\n","protected":false},"author":1,"featured_media":0,"parent":0,"menu_order":0,"comment_status":"closed","ping_status":"closed","template":"","meta":{"footnotes":""},"class_list":["post-7","page","type-page","status-publish","hentry"],"acf":[],"aioseo_notices":[],"_links":{"self":[{"href":"https:\/\/wabipremium.vn\/en\/wp-json\/wp\/v2\/pages\/7","targetHints":{"allow":["GET"]}}],"collection":[{"href":"https:\/\/wabipremium.vn\/en\/wp-json\/wp\/v2\/pages"}],"about":[{"href":"https:\/\/wabipremium.vn\/en\/wp-json\/wp\/v2\/types\/page"}],"author":[{"embeddable":true,"href":"https:\/\/wabipremium.vn\/en\/wp-json\/wp\/v2\/users\/1"}],"replies":[{"embeddable":true,"href":"https:\/\/wabipremium.vn\/en\/wp-json\/wp\/v2\/comments?post=7"}],"version-history":[{"count":0,"href":"https:\/\/wabipremium.vn\/en\/wp-json\/wp\/v2\/pages\/7\/revisions"}],"wp:attachment":[{"href":"https:\/\/wabipremium.vn\/en\/wp-json\/wp\/v2\/media?parent=7"}],"curies":[{"name":"wp","href":"https:\/\/api.w.org\/{rel}","templated":true}]}}